{"id":92,"date":"2022-09-19T11:53:59","date_gmt":"2022-09-19T11:53:59","guid":{"rendered":"https:\/\/kentatheme.com\/travel\/?page_id=5"},"modified":"2026-04-06T10:54:16","modified_gmt":"2026-04-06T14:54:16","slug":"home","status":"publish","type":"page","link":"https:\/\/jfgarno.ca\/","title":{"rendered":""},"content":{"rendered":"\n<ul class=\"wp-block-social-links has-normal-icon-size has-visible-labels has-icon-color is-style-logos-only is-layout-flex wp-block-social-links-is-layout-flex\"><li style=\"color:#444444;\" class=\"wp-social-link wp-social-link-facebook has-foreground-color wp-block-social-link\"><a href=\"https:\/\/www.facebook.com\/profile.php?id=61565812721141\" class=\"wp-block-social-link-anchor\"><svg width=\"24\" height=\"24\" viewBox=\"0 0 24 24\" version=\"1.1\" xmlns=\"http:\/\/www.w3.org\/2000\/svg\" aria-hidden=\"true\" focusable=\"false\"><path d=\"M12 2C6.5 2 2 6.5 2 12c0 5 3.7 9.1 8.4 9.9v-7H7.9V12h2.5V9.8c0-2.5 1.5-3.9 3.8-3.9 1.1 0 2.2.2 2.2.2v2.5h-1.3c-1.2 0-1.6.8-1.6 1.6V12h2.8l-.4 2.9h-2.3v7C18.3 21.1 22 17 22 12c0-5.5-4.5-10-10-10z\"><\/path><\/svg><span class=\"wp-block-social-link-label\">Facebook<\/span><\/a><\/li>\n\n<li style=\"color:#444444;\" class=\"wp-social-link wp-social-link-youtube has-foreground-color wp-block-social-link\"><a href=\"https:\/\/www.youtube.com\/channel\/UCPKT3SdcRLPynI0mGl--cgg\" class=\"wp-block-social-link-anchor\"><svg width=\"24\" height=\"24\" viewBox=\"0 0 24 24\" version=\"1.1\" xmlns=\"http:\/\/www.w3.org\/2000\/svg\" aria-hidden=\"true\" focusable=\"false\"><path d=\"M21.8,8.001c0,0-0.195-1.378-0.795-1.985c-0.76-0.797-1.613-0.801-2.004-0.847c-2.799-0.202-6.997-0.202-6.997-0.202 h-0.009c0,0-4.198,0-6.997,0.202C4.608,5.216,3.756,5.22,2.995,6.016C2.395,6.623,2.2,8.001,2.2,8.001S2,9.62,2,11.238v1.517 c0,1.618,0.2,3.237,0.2,3.237s0.195,1.378,0.795,1.985c0.761,0.797,1.76,0.771,2.205,0.855c1.6,0.153,6.8,0.201,6.8,0.201 s4.203-0.006,7.001-0.209c0.391-0.047,1.243-0.051,2.004-0.847c0.6-0.607,0.795-1.985,0.795-1.985s0.2-1.618,0.2-3.237v-1.517 C22,9.62,21.8,8.001,21.8,8.001z M9.935,14.594l-0.001-5.62l5.404,2.82L9.935,14.594z\"><\/path><\/svg><span class=\"wp-block-social-link-label\">YouTube<\/span><\/a><\/li>\n\n<li style=\"color:#444444;\" class=\"wp-social-link wp-social-link-linkedin has-foreground-color wp-block-social-link\"><a href=\"https:\/\/www.linkedin.com\/in\/%20jean-fran\u00e7ois-garneau-927398245\" class=\"wp-block-social-link-anchor\"><svg width=\"24\" height=\"24\" viewBox=\"0 0 24 24\" version=\"1.1\" xmlns=\"http:\/\/www.w3.org\/2000\/svg\" aria-hidden=\"true\" focusable=\"false\"><path d=\"M19.7,3H4.3C3.582,3,3,3.582,3,4.3v15.4C3,20.418,3.582,21,4.3,21h15.4c0.718,0,1.3-0.582,1.3-1.3V4.3 C21,3.582,20.418,3,19.7,3z M8.339,18.338H5.667v-8.59h2.672V18.338z M7.004,8.574c-0.857,0-1.549-0.694-1.549-1.548 c0-0.855,0.691-1.548,1.549-1.548c0.854,0,1.547,0.694,1.547,1.548C8.551,7.881,7.858,8.574,7.004,8.574z M18.339,18.338h-2.669 v-4.177c0-0.996-0.017-2.278-1.387-2.278c-1.389,0-1.601,1.086-1.601,2.206v4.249h-2.667v-8.59h2.559v1.174h0.037 c0.356-0.675,1.227-1.387,2.526-1.387c2.703,0,3.203,1.779,3.203,4.092V18.338z\"><\/path><\/svg><span class=\"wp-block-social-link-label\">LinkedIn<\/span><\/a><\/li>\n\n<li style=\"color:#444444;\" class=\"wp-social-link wp-social-link-bandcamp has-foreground-color wp-block-social-link\"><a href=\"https:\/\/jean-francoisgarneau.bandcamp.com\" class=\"wp-block-social-link-anchor\"><svg width=\"24\" height=\"24\" viewBox=\"0 0 24 24\" version=\"1.1\" xmlns=\"http:\/\/www.w3.org\/2000\/svg\" aria-hidden=\"true\" focusable=\"false\"><path d=\"M15.27 17.289 3 17.289 8.73 6.711 21 6.711 15.27 17.289\"><\/path><\/svg><span class=\"wp-block-social-link-label\">Bandcamp<\/span><\/a><\/li>\n\n<li style=\"color:#444444;\" class=\"wp-social-link wp-social-link-instagram has-foreground-color wp-block-social-link\"><a href=\"https:\/\/www.instagram.com\/noudjali\" class=\"wp-block-social-link-anchor\"><svg width=\"24\" height=\"24\" viewBox=\"0 0 24 24\" version=\"1.1\" xmlns=\"http:\/\/www.w3.org\/2000\/svg\" aria-hidden=\"true\" focusable=\"false\"><path d=\"M12,4.622c2.403,0,2.688,0.009,3.637,0.052c0.877,0.04,1.354,0.187,1.671,0.31c0.42,0.163,0.72,0.358,1.035,0.673 c0.315,0.315,0.51,0.615,0.673,1.035c0.123,0.317,0.27,0.794,0.31,1.671c0.043,0.949,0.052,1.234,0.052,3.637 s-0.009,2.688-0.052,3.637c-0.04,0.877-0.187,1.354-0.31,1.671c-0.163,0.42-0.358,0.72-0.673,1.035 c-0.315,0.315-0.615,0.51-1.035,0.673c-0.317,0.123-0.794,0.27-1.671,0.31c-0.949,0.043-1.233,0.052-3.637,0.052 s-2.688-0.009-3.637-0.052c-0.877-0.04-1.354-0.187-1.671-0.31c-0.42-0.163-0.72-0.358-1.035-0.673 c-0.315-0.315-0.51-0.615-0.673-1.035c-0.123-0.317-0.27-0.794-0.31-1.671C4.631,14.688,4.622,14.403,4.622,12 s0.009-2.688,0.052-3.637c0.04-0.877,0.187-1.354,0.31-1.671c0.163-0.42,0.358-0.72,0.673-1.035 c0.315-0.315,0.615-0.51,1.035-0.673c0.317-0.123,0.794-0.27,1.671-0.31C9.312,4.631,9.597,4.622,12,4.622 M12,3 C9.556,3,9.249,3.01,8.289,3.054C7.331,3.098,6.677,3.25,6.105,3.472C5.513,3.702,5.011,4.01,4.511,4.511 c-0.5,0.5-0.808,1.002-1.038,1.594C3.25,6.677,3.098,7.331,3.054,8.289C3.01,9.249,3,9.556,3,12c0,2.444,0.01,2.751,0.054,3.711 c0.044,0.958,0.196,1.612,0.418,2.185c0.23,0.592,0.538,1.094,1.038,1.594c0.5,0.5,1.002,0.808,1.594,1.038 c0.572,0.222,1.227,0.375,2.185,0.418C9.249,20.99,9.556,21,12,21s2.751-0.01,3.711-0.054c0.958-0.044,1.612-0.196,2.185-0.418 c0.592-0.23,1.094-0.538,1.594-1.038c0.5-0.5,0.808-1.002,1.038-1.594c0.222-0.572,0.375-1.227,0.418-2.185 C20.99,14.751,21,14.444,21,12s-0.01-2.751-0.054-3.711c-0.044-0.958-0.196-1.612-0.418-2.185c-0.23-0.592-0.538-1.094-1.038-1.594 c-0.5-0.5-1.002-0.808-1.594-1.038c-0.572-0.222-1.227-0.375-2.185-0.418C14.751,3.01,14.444,3,12,3L12,3z M12,7.378 c-2.552,0-4.622,2.069-4.622,4.622S9.448,16.622,12,16.622s4.622-2.069,4.622-4.622S14.552,7.378,12,7.378z M12,15 c-1.657,0-3-1.343-3-3s1.343-3,3-3s3,1.343,3,3S13.657,15,12,15z M16.804,6.116c-0.596,0-1.08,0.484-1.08,1.08 s0.484,1.08,1.08,1.08c0.596,0,1.08-0.484,1.08-1.08S17.401,6.116,16.804,6.116z\"><\/path><\/svg><span class=\"wp-block-social-link-label\">Instagram<\/span><\/a><\/li><\/ul>\n\n\n\n<div class=\"wp-block-columns is-layout-flex wp-container-core-columns-is-layout-28f84493 wp-block-columns-is-layout-flex\">\n<div class=\"wp-block-column is-layout-flow wp-block-column-is-layout-flow\" style=\"flex-basis:66.66%\">\n<figure class=\"wp-block-image size-large is-resized\"><img loading=\"lazy\" decoding=\"async\" width=\"640\" height=\"1024\" src=\"https:\/\/jfgarno.ca\/wp-content\/uploads\/2024\/10\/Sonora-couv-M-C1-640x1024.jpg\" alt=\"\" class=\"wp-image-570\" style=\"width:671px;height:auto\" srcset=\"https:\/\/jfgarno.ca\/wp-content\/uploads\/2024\/10\/Sonora-couv-M-C1-640x1024.jpg 640w, https:\/\/jfgarno.ca\/wp-content\/uploads\/2024\/10\/Sonora-couv-M-C1-188x300.jpg 188w, https:\/\/jfgarno.ca\/wp-content\/uploads\/2024\/10\/Sonora-couv-M-C1.jpg 1500w\" sizes=\"auto, (max-width: 640px) 100vw, 640px\" \/><\/figure>\n\n\n\n<p class=\"has-medium-font-size\"><br><strong>Pour une d\u00e9dicace de <em>Sonora<\/em> au Salon du livre de Qu\u00e9bec 2026, passez me voir au kiosque #945 le <\/strong><a href=\"https:\/\/programmation.silq.ca\/auteur\/jean-francois-garneau-2\/\"><strong>vendredi 10 avril<\/strong> <strong>\u00e0 17 h<\/strong> ou <strong>le samedi 11 avril \u00e0 11 h<\/strong><\/a><strong>.<\/strong><br><strong>Pour commander <em>Sonora<\/em> aupr\u00e8s d&rsquo;un libraire, visitez <a href=\"https:\/\/www.leslibraires.ca\/livres\/sonora-jean-francois-garneau-9782982280618.html\" target=\"_blank\" rel=\"noreferrer noopener\">leslibraires.ca<\/a><\/strong>. <strong>\u00c0 Montr\u00e9al, trouvez-le dans les librairies <a href=\"https:\/\/www.leportdetete.com\/contact\">Le port de t\u00eate<\/a><\/strong>, <strong><a href=\"https:\/\/raffin.leslibraires.ca\/livres\/sonora-jean-francois-garneau-9782982280618.html\" data-type=\"link\" data-id=\"https:\/\/raffin.leslibraires.ca\/livres\/sonora-jean-francois-garneau-9782982280618.html\">Raffin<\/a><\/strong>, <strong><a href=\"https:\/\/www.facebook.com\/unlivreasoimtl\/?locale=fr_CA\">Un livre \u00e0 soi<\/a><\/strong> ou <strong>Renaud-Bray, \u00e0 Qu\u00e9bec, chez <a href=\"https:\/\/morency.leslibraires.ca\/livres\/sonora-jean-francois-garneau-9782982280618.html\">Morency<\/a><\/strong>. <strong>\u00c0 Saint-Sauveur<\/strong>, <b>c&rsquo;est <\/b><a style=\"font-weight: bold;\" href=\"https:\/\/www.facebook.com\/librairielarlequin.ca\/?_rdr\" data-type=\"link\" data-id=\"https:\/\/www.facebook.com\/librairielarlequin.ca\/?_rdr\">L&rsquo;Arlequin<\/a><b> et <\/b><a style=\"font-weight: bold;\" href=\"https:\/\/quintessence.leslibraires.ca\/livres\/sonora-jean-francois-garneau-9782982280618.html\" data-type=\"link\" data-id=\"https:\/\/quintessence.leslibraires.ca\/livres\/sonora-jean-francois-garneau-9782982280618.html\">Quintessence<\/a>, <strong>\u00e0 Magog, chez <a href=\"https:\/\/biblairie.leslibraires.ca\/livres\/sonora-jean-francois-garneau-9782982280618.html\">GGC<\/a><\/strong>. <strong>\u00c0 Amos, c&rsquo;est <a href=\"https:\/\/papeteriecommerciale.leslibraires.ca\/?_gl=1*17rh9bf*_up*MQ..*_ga*MTczODUzNDQ0LjE3NTAxODU4NTQ.*_ga_TDGCWZFGP1*czE3NTAxODU4NTQkbzEkZzAkdDE3NTAxODU4NTQkajYwJGwwJGgxODA1OTUyMjc2\">La Papeterie commerciale<\/a><\/strong>.<\/p>\n\n\n\n<p class=\"has-medium-font-size\"><strong>Pour commander <em>Sonora<\/em> en ligne, visitez<\/strong> <strong><a href=\"https:\/\/www.leslibraires.ca\/livres\/sonora-jean-francois-garneau-9782982280618.html\" target=\"_blank\" rel=\"noreferrer noopener\">leslibraires.ca<\/a><\/strong> et choisissez la version num\u00e9rique. Si vous \u00eates hors du Qu\u00e9bec, vous pouvez acheter le ePub sur la plupart des plateformes de livres num\u00e9riques.<\/p>\n<\/div>\n\n\n\n<div class=\"wp-block-column is-layout-flow wp-block-column-is-layout-flow\" style=\"flex-basis:33.33%\">\n<p><strong>ROMAN DE JEAN-FRAN\u00c7OIS GARNEAU<\/strong><\/p>\n\n\n\n<p><strong><em>Sonora<\/em> est un roman de voyage qui raconte le passage par le d\u00e9sert de Sonora au Mexique d&rsquo;un couple qui a grimp\u00e9 Machu Pichu, vogu\u00e9 sur l&rsquo;Amazone et affront\u00e9 des douaniers port\u00e9s \u00e0 raccourcir les cheveux longs. Le hasard des rencontres pousse les deux voyageurs dans des d\u00e9tours o\u00f9 se m\u00ealent r\u00eave et r\u00e9alit\u00e9, selon les dires d&rsquo;un sorcier yaqui. La nuit, le d\u00e9sert qu&rsquo;un s\u00e9isme a secou\u00e9 semble tinter sous les \u00e9toiles.<\/strong><br><br>Extrait de <em><strong>Sonora<\/strong><\/em>, chapitre 4. <br><br>Le lendemain, \u00e0 l\u2019aube, la brume bleut\u00e9e qui couvre le d\u00e9sert se disperse peu \u00e0 peu. Une vall\u00e9e en \u00e9merge du c\u00f4t\u00e9 du soleil levant. Un mince ruisseau y coule. Sur le feuillage des buissons, la ros\u00e9e scintille dans les rayons dor\u00e9s. J\u2019ouvre le cahier de voyage, y note l\u2019expression <em>\u00e9veils et merveilles<\/em>, mais Ju m\u2019\u00f4te le crayon et me montre pourquoi : un cheval vient d\u2019arriver au ruisseau. C\u2019est un petit cheval gris pommel\u00e9. \u00c9tirant son encolure, il boit. Sa longue crini\u00e8re blanche touche la surface de l\u2019eau.<br>Une licorne entre deux cactus ne nous aurait pas plus\u00a0\u00e9tonn\u00e9s.<br><\/p>\n\n\n\n<div class=\"wp-block-kenta-blocks-section kb-section-7bbf93a7 kb-section\">\n<div class=\"wp-block-kenta-blocks-column kb-column-wrapper kb-column-wrapper-68eff2e4\"><div class=\"kb-column kb-column-68eff2e4\"><div class=\"kb-column-content\">\n<p class=\"has-luminous-vivid-orange-color has-text-color has-link-color has-medium-font-size wp-elements-b6e5141981e096b3d275c89edf2f3d59\" style=\"font-style:normal;font-weight:700\">Libraires, veuillez le commander chez <a href=\"https:\/\/abduco.ca\/contact\/\" target=\"_blank\" rel=\"noreferrer noopener\">Dimedia<\/a>. En France et en Belgique, \u00e9crivez \u00e0 <a href=\"https:\/\/abduco.ca\/contact\/\" target=\"_blank\" rel=\"noreferrer noopener\">Abduco Europe.<\/a><\/p>\n\n\n\n<figure class=\"wp-block-image size-large\"><img loading=\"lazy\" decoding=\"async\" width=\"1024\" height=\"768\" src=\"https:\/\/jfgarno.ca\/wp-content\/uploads\/2024\/11\/2015-03-25-SonoraSaguaros3-1024x768.jpeg\" alt=\"\" class=\"wp-image-681\" srcset=\"https:\/\/jfgarno.ca\/wp-content\/uploads\/2024\/11\/2015-03-25-SonoraSaguaros3-1024x768.jpeg 1024w, https:\/\/jfgarno.ca\/wp-content\/uploads\/2024\/11\/2015-03-25-SonoraSaguaros3-300x225.jpeg 300w, https:\/\/jfgarno.ca\/wp-content\/uploads\/2024\/11\/2015-03-25-SonoraSaguaros3-2000x1500.jpeg 2000w, https:\/\/jfgarno.ca\/wp-content\/uploads\/2024\/11\/2015-03-25-SonoraSaguaros3.jpeg 2048w\" sizes=\"auto, (max-width: 1024px) 100vw, 1024px\" \/><\/figure>\n\n\n\n<figure class=\"wp-block-image size-large\"><img loading=\"lazy\" decoding=\"async\" width=\"1024\" height=\"768\" src=\"https:\/\/jfgarno.ca\/wp-content\/uploads\/2024\/11\/2015-03-24-SonoraFleurs-1024x768.jpeg\" alt=\"\" class=\"wp-image-675\" srcset=\"https:\/\/jfgarno.ca\/wp-content\/uploads\/2024\/11\/2015-03-24-SonoraFleurs-1024x768.jpeg 1024w, https:\/\/jfgarno.ca\/wp-content\/uploads\/2024\/11\/2015-03-24-SonoraFleurs-300x225.jpeg 300w, https:\/\/jfgarno.ca\/wp-content\/uploads\/2024\/11\/2015-03-24-SonoraFleurs-2000x1500.jpeg 2000w, https:\/\/jfgarno.ca\/wp-content\/uploads\/2024\/11\/2015-03-24-SonoraFleurs.jpeg 2048w\" sizes=\"auto, (max-width: 1024px) 100vw, 1024px\" \/><\/figure>\n<\/div><\/div><\/div>\n<\/div>\n<\/div>\n<\/div>\n\n\n\n<div class=\"wp-block-cover is-light\" style=\"min-height:123px;aspect-ratio:unset;\"><span aria-hidden=\"true\" class=\"wp-block-cover__background has-white-background-color has-background-dim-100 has-background-dim\"><\/span><div class=\"wp-block-cover__inner-container has-global-padding is-layout-constrained wp-block-cover-is-layout-constrained\">\n<p class=\"has-text-align-left has-background has-medium-font-size\" style=\"background-color:#8ab4f8\"><strong>Avis de lecteurs<\/strong> : <br><em>J&rsquo;ai beaucoup appr\u00e9ci\u00e9 l&rsquo;\u00e9criture et le ton, oscillant entre po\u00e9sie, humour, clins d&rsquo;\u0153il et un peu de myst\u00e8re<\/em>.<br>Louis Tanguay<br>(<em>&#8230;) un r\u00e9cit vibrant teint\u00e9 de r\u00e9alisme magique (ou de merveilleux, tiens, c&rsquo;est plus joli)<\/em>.<br>Patrick Emiroglou<br><em>Magnifique, touchant et captivant r\u00e9cit. D&rsquo;une grande sensibilit\u00e9 et d&rsquo;un grand respect \u00e0 l&rsquo;\u00e9gard des \u00eatres, tant animal qu&rsquo;humain, qui y sont d\u00e9peints tout au long de la route o\u00f9 nous m\u00e8ne ce livre, jusqu&rsquo;\u00e0 la toute fin qui reste avec nous longtemps. Un bel hommage \u00e0 ce qui nous unit, \u00e0 la curiosit\u00e9 et aux chemins qui nous m\u00e8nent hors des sentiers battus. Merci.<\/em><br>Laura Damecour<br><\/p>\n<\/div><\/div>\n\n\n\n<div class=\"wp-block-kenta-blocks-section alignwide kb-section-ec906cc8 kb-section\"><div class=\"kb-section-container\">\n<div class=\"wp-block-kenta-blocks-column kb-column-wrapper kb-column-wrapper-8e933eff\"><div class=\"kb-column kb-column-8e933eff\"><div class=\"kb-column-content\">\n<p class=\"has-small-font-size\">Po\u00e8mes, chansons, notes de voyage ont devanc\u00e9 chez moi l\u2019\u00e9criture sur demande, t\u00e9l\u00e9visuelle entre autres. En voyage, j&rsquo;\u00e9cris mes impressions dans un cahier, les accompagnant parfois de dessins, humoristiques ou non.<br>En 2015, je suis retourn\u00e9 l\u00e0 o\u00f9 j&rsquo;ai situ\u00e9 une partie de l&rsquo;histoire que m&rsquo;ont inspir\u00e9e des aventures v\u00e9cues sans cam\u00e9ra. Avais-je en souvenir embelli le d\u00e9sert et son paysage \u00e0 la fois riche et aust\u00e8re? Il me semble que non, et j&rsquo;esp\u00e8re que mon \u00e9criture transmet un peu de son charme. J&rsquo;aimerais aussi conna\u00eetre le point de vue d&rsquo;autres personnes sur cette r\u00e9gion frontali\u00e8re, celle du roman&nbsp;<em><strong>Sonora<\/strong><\/em>.<br><br>Un d\u00e9sert de 320&nbsp;000&nbsp;km<sup>2<\/sup> couvre les deux rives de la mer de Cortez et franchit la fronti\u00e8re Mexique-\u00c9tats-Unis. Parfois d\u00e9sign\u00e9 comme \u00ab&nbsp;d\u00e9sert de Gila&nbsp;\u00bb, il occupe la r\u00e9gion nord des \u00c9tats de Sonora et de Basse-Californie, le sud de l\u2019Arizona et l\u2019est de la Californie, ce qui en fait la plus vaste zone aride d\u2019Am\u00e9rique du Nord. L\u2019embl\u00e9matique cactus <em>saguaro<\/em>, ou \u00ab&nbsp;cand\u00e9labre&nbsp;\u00bb, en signe le paysage, mais des milliers d\u2019autres plantes, notamment le cr\u00e9osotier, l\u2019<em>ocotillo<\/em>, le <em>mesquite<\/em> et le <em>palo verde <\/em>(bois vert), s\u2019y sont adapt\u00e9es \u00e0 la chaleur et aux pluies aussi rares que torrentielles. Le ciel nocturne, presque toujours d\u00e9gag\u00e9, montre tant d\u2019\u00e9toiles qu\u2019on a l\u2019impression de s\u2019en approcher, ce qui est relatif, selon le sympathique M. Einstein. Malgr\u00e9 le sens du mot \u00ab&nbsp;d\u00e9sert&nbsp;\u00bb, celui de Sonora abrite des centaines d\u2019esp\u00e8ces d\u2019insectes, d\u2019oiseaux et d\u2019animaux, d\u2019o\u00f9 leur r\u00f4le dans le roman. Le fait que nous, \u00eatres humains, exer\u00e7ons un pouvoir sur tout ce qui vit r\u00e9v\u00e8le une arrogance qui explique en partie notre condition et l\u2019\u00e9tat pr\u00e9caire du monde. <\/p>\n<\/div><\/div><\/div>\n\n\n\n<div class=\"wp-block-kenta-blocks-column kb-column-wrapper kb-column-wrapper-dabc3223\"><div class=\"kb-column kb-column-dabc3223\"><div class=\"kb-column-content\">\n<figure class=\"wp-block-kenta-blocks-image kb-image kb-image-16fee194\"><img decoding=\"async\" src=\"https:\/\/jfgarno.ca\/wp-content\/uploads\/2023\/07\/2015-03-25-17.25.00.jpeg\" alt=\"Ciel sans nuages du d\u00e9sert (Sonora)\"\/><\/figure>\n\n\n\n<figure class=\"wp-block-kenta-blocks-image kb-image kb-image-56622a60\"><img decoding=\"async\" src=\"https:\/\/jfgarno.ca\/wp-content\/uploads\/2024\/11\/2015-03-13-19.03.36.jpg\" alt=\"\"\/><\/figure>\n<\/div><\/div><\/div>\n<\/div><\/div>\n\n\n\n<figure class=\"wp-block-gallery has-nested-images columns-3 is-cropped wp-block-gallery-1 is-layout-flex wp-block-gallery-is-layout-flex\">\n<figure class=\"wp-block-image size-large\"><img loading=\"lazy\" decoding=\"async\" width=\"1024\" height=\"768\" data-id=\"672\" src=\"https:\/\/jfgarno.ca\/wp-content\/uploads\/2024\/11\/2015-03-24-NoMaltrateSenales-1024x768.jpeg\" alt=\"\" class=\"wp-image-672\" srcset=\"https:\/\/jfgarno.ca\/wp-content\/uploads\/2024\/11\/2015-03-24-NoMaltrateSenales-1024x768.jpeg 1024w, https:\/\/jfgarno.ca\/wp-content\/uploads\/2024\/11\/2015-03-24-NoMaltrateSenales-300x225.jpeg 300w, https:\/\/jfgarno.ca\/wp-content\/uploads\/2024\/11\/2015-03-24-NoMaltrateSenales-2000x1500.jpeg 2000w, https:\/\/jfgarno.ca\/wp-content\/uploads\/2024\/11\/2015-03-24-NoMaltrateSenales.jpeg 2048w\" sizes=\"auto, (max-width: 1024px) 100vw, 1024px\" \/><\/figure>\n\n\n\n<figure class=\"wp-block-image size-large\"><img loading=\"lazy\" decoding=\"async\" width=\"1024\" height=\"768\" data-id=\"614\" src=\"https:\/\/jfgarno.ca\/wp-content\/uploads\/2024\/11\/2015-03-16-16.51.59-1024x768.jpg\" alt=\"\" class=\"wp-image-614\" srcset=\"https:\/\/jfgarno.ca\/wp-content\/uploads\/2024\/11\/2015-03-16-16.51.59-1024x768.jpg 1024w, https:\/\/jfgarno.ca\/wp-content\/uploads\/2024\/11\/2015-03-16-16.51.59-300x225.jpg 300w, https:\/\/jfgarno.ca\/wp-content\/uploads\/2024\/11\/2015-03-16-16.51.59-2000x1500.jpg 2000w, https:\/\/jfgarno.ca\/wp-content\/uploads\/2024\/11\/2015-03-16-16.51.59.jpg 2048w\" sizes=\"auto, (max-width: 1024px) 100vw, 1024px\" \/><\/figure>\n\n\n\n<figure class=\"wp-block-image size-large\"><img loading=\"lazy\" decoding=\"async\" width=\"1024\" height=\"768\" data-id=\"616\" src=\"https:\/\/jfgarno.ca\/wp-content\/uploads\/2024\/11\/2015-03-13-18.28.08-1024x768.jpg\" alt=\"\" class=\"wp-image-616\" srcset=\"https:\/\/jfgarno.ca\/wp-content\/uploads\/2024\/11\/2015-03-13-18.28.08-1024x768.jpg 1024w, https:\/\/jfgarno.ca\/wp-content\/uploads\/2024\/11\/2015-03-13-18.28.08-300x225.jpg 300w, https:\/\/jfgarno.ca\/wp-content\/uploads\/2024\/11\/2015-03-13-18.28.08-2000x1500.jpg 2000w, https:\/\/jfgarno.ca\/wp-content\/uploads\/2024\/11\/2015-03-13-18.28.08.jpg 2048w\" sizes=\"auto, (max-width: 1024px) 100vw, 1024px\" \/><\/figure>\n\n\n\n<figure class=\"wp-block-image size-large\"><img loading=\"lazy\" decoding=\"async\" width=\"1024\" height=\"768\" data-id=\"685\" src=\"https:\/\/jfgarno.ca\/wp-content\/uploads\/2024\/11\/2015-04-01-ManhattanBeachPorte-1024x768.jpeg\" alt=\"\" class=\"wp-image-685\" srcset=\"https:\/\/jfgarno.ca\/wp-content\/uploads\/2024\/11\/2015-04-01-ManhattanBeachPorte-1024x768.jpeg 1024w, https:\/\/jfgarno.ca\/wp-content\/uploads\/2024\/11\/2015-04-01-ManhattanBeachPorte-300x225.jpeg 300w, https:\/\/jfgarno.ca\/wp-content\/uploads\/2024\/11\/2015-04-01-ManhattanBeachPorte-2000x1500.jpeg 2000w, https:\/\/jfgarno.ca\/wp-content\/uploads\/2024\/11\/2015-04-01-ManhattanBeachPorte.jpeg 2048w\" sizes=\"auto, (max-width: 1024px) 100vw, 1024px\" \/><\/figure>\n\n\n\n<figure class=\"wp-block-image size-large\"><img loading=\"lazy\" decoding=\"async\" width=\"768\" height=\"1024\" data-id=\"620\" src=\"https:\/\/jfgarno.ca\/wp-content\/uploads\/2024\/11\/2015-03-13-19.02.57-768x1024.jpg\" alt=\"\" class=\"wp-image-620\" srcset=\"https:\/\/jfgarno.ca\/wp-content\/uploads\/2024\/11\/2015-03-13-19.02.57-768x1024.jpg 768w, https:\/\/jfgarno.ca\/wp-content\/uploads\/2024\/11\/2015-03-13-19.02.57-225x300.jpg 225w, https:\/\/jfgarno.ca\/wp-content\/uploads\/2024\/11\/2015-03-13-19.02.57-rotated.jpg 1536w\" sizes=\"auto, (max-width: 768px) 100vw, 768px\" \/><\/figure>\n\n\n\n<figure class=\"wp-block-image size-large\"><img loading=\"lazy\" decoding=\"async\" width=\"1024\" height=\"768\" data-id=\"670\" src=\"https:\/\/jfgarno.ca\/wp-content\/uploads\/2024\/11\/2015-03-22-SonoraPuertaIguana-1024x768.jpeg\" alt=\"\" class=\"wp-image-670\" srcset=\"https:\/\/jfgarno.ca\/wp-content\/uploads\/2024\/11\/2015-03-22-SonoraPuertaIguana-1024x768.jpeg 1024w, https:\/\/jfgarno.ca\/wp-content\/uploads\/2024\/11\/2015-03-22-SonoraPuertaIguana-300x225.jpeg 300w, https:\/\/jfgarno.ca\/wp-content\/uploads\/2024\/11\/2015-03-22-SonoraPuertaIguana-2000x1500.jpeg 2000w, https:\/\/jfgarno.ca\/wp-content\/uploads\/2024\/11\/2015-03-22-SonoraPuertaIguana.jpeg 2048w\" sizes=\"auto, (max-width: 1024px) 100vw, 1024px\" \/><\/figure>\n\n\n\n<figure class=\"wp-block-image size-large\"><img loading=\"lazy\" decoding=\"async\" width=\"1024\" height=\"768\" data-id=\"615\" src=\"https:\/\/jfgarno.ca\/wp-content\/uploads\/2024\/11\/2015-03-13-18.26.51-1024x768.jpg\" alt=\"\" class=\"wp-image-615\" srcset=\"https:\/\/jfgarno.ca\/wp-content\/uploads\/2024\/11\/2015-03-13-18.26.51-1024x768.jpg 1024w, https:\/\/jfgarno.ca\/wp-content\/uploads\/2024\/11\/2015-03-13-18.26.51-300x225.jpg 300w, https:\/\/jfgarno.ca\/wp-content\/uploads\/2024\/11\/2015-03-13-18.26.51-2000x1500.jpg 2000w, https:\/\/jfgarno.ca\/wp-content\/uploads\/2024\/11\/2015-03-13-18.26.51.jpg 2048w\" sizes=\"auto, (max-width: 1024px) 100vw, 1024px\" \/><\/figure>\n\n\n\n<figure class=\"wp-block-image size-large\"><img loading=\"lazy\" decoding=\"async\" width=\"1024\" height=\"768\" data-id=\"626\" src=\"https:\/\/jfgarno.ca\/wp-content\/uploads\/2024\/11\/2015-03-13-19.10.44-1024x768.jpg\" alt=\"\" class=\"wp-image-626\" srcset=\"https:\/\/jfgarno.ca\/wp-content\/uploads\/2024\/11\/2015-03-13-19.10.44-1024x768.jpg 1024w, https:\/\/jfgarno.ca\/wp-content\/uploads\/2024\/11\/2015-03-13-19.10.44-300x225.jpg 300w, https:\/\/jfgarno.ca\/wp-content\/uploads\/2024\/11\/2015-03-13-19.10.44-2000x1500.jpg 2000w, https:\/\/jfgarno.ca\/wp-content\/uploads\/2024\/11\/2015-03-13-19.10.44.jpg 2048w\" sizes=\"auto, (max-width: 1024px) 100vw, 1024px\" \/><\/figure>\n\n\n\n<figure class=\"wp-block-image size-large\"><img loading=\"lazy\" decoding=\"async\" width=\"1024\" height=\"768\" data-id=\"673\" src=\"https:\/\/jfgarno.ca\/wp-content\/uploads\/2024\/11\/2015-03-24-SonoraArbreJaune-1024x768.jpeg\" alt=\"\" class=\"wp-image-673\" srcset=\"https:\/\/jfgarno.ca\/wp-content\/uploads\/2024\/11\/2015-03-24-SonoraArbreJaune-1024x768.jpeg 1024w, https:\/\/jfgarno.ca\/wp-content\/uploads\/2024\/11\/2015-03-24-SonoraArbreJaune-300x225.jpeg 300w, https:\/\/jfgarno.ca\/wp-content\/uploads\/2024\/11\/2015-03-24-SonoraArbreJaune-2000x1500.jpeg 2000w, https:\/\/jfgarno.ca\/wp-content\/uploads\/2024\/11\/2015-03-24-SonoraArbreJaune.jpeg 2048w\" sizes=\"auto, (max-width: 1024px) 100vw, 1024px\" \/><\/figure>\n\n\n\n<figure class=\"wp-block-image size-large\"><img loading=\"lazy\" decoding=\"async\" width=\"1024\" height=\"768\" data-id=\"682\" src=\"https:\/\/jfgarno.ca\/wp-content\/uploads\/2024\/11\/2015-03-25-SonoraSaguaros4-1024x768.jpeg\" alt=\"\" class=\"wp-image-682\" srcset=\"https:\/\/jfgarno.ca\/wp-content\/uploads\/2024\/11\/2015-03-25-SonoraSaguaros4-1024x768.jpeg 1024w, https:\/\/jfgarno.ca\/wp-content\/uploads\/2024\/11\/2015-03-25-SonoraSaguaros4-300x225.jpeg 300w, https:\/\/jfgarno.ca\/wp-content\/uploads\/2024\/11\/2015-03-25-SonoraSaguaros4-2000x1500.jpeg 2000w, https:\/\/jfgarno.ca\/wp-content\/uploads\/2024\/11\/2015-03-25-SonoraSaguaros4.jpeg 2048w\" sizes=\"auto, (max-width: 1024px) 100vw, 1024px\" \/><\/figure>\n<\/figure>\n\n\n\n<hr class=\"wp-block-kenta-blocks-separator kb-separator-53e47260 kb-separator\"\/>\n","protected":false},"excerpt":{"rendered":"<p>Pour une d\u00e9dicace de Sonora au Salon du livre de Qu\u00e9bec 2026, passez me voir au kiosque #945 le vendredi 10 avril \u00e0 17 h ou le samedi 11 avril \u00e0 11 h.Pour commander Sonora aupr\u00e8s d&rsquo;un libraire, visitez leslibraires.ca. \u00c0 Montr\u00e9al, trouvez-le dans les librairies Le port de t\u00eate, Raffin, Un livre \u00e0 soi &hellip; <\/p>\n<p class=\"link-more\"><a href=\"https:\/\/jfgarno.ca\/\" class=\"more-link\">Lire la suite de<span class=\"screen-reader-text\">\u00ab\u00a0\u00a0\u00bb<\/span><\/a><\/p>\n","protected":false},"author":1,"featured_media":0,"parent":0,"menu_order":0,"comment_status":"closed","ping_status":"closed","template":"","meta":{"inspiro_hide_title":false,"footnotes":""},"class_list":["post-92","page","type-page","status-publish","hentry"],"_links":{"self":[{"href":"https:\/\/jfgarno.ca\/index.php?rest_route=\/wp\/v2\/pages\/92","targetHints":{"allow":["GET"]}}],"collection":[{"href":"https:\/\/jfgarno.ca\/index.php?rest_route=\/wp\/v2\/pages"}],"about":[{"href":"https:\/\/jfgarno.ca\/index.php?rest_route=\/wp\/v2\/types\/page"}],"author":[{"embeddable":true,"href":"https:\/\/jfgarno.ca\/index.php?rest_route=\/wp\/v2\/users\/1"}],"replies":[{"embeddable":true,"href":"https:\/\/jfgarno.ca\/index.php?rest_route=%2Fwp%2Fv2%2Fcomments&post=92"}],"version-history":[{"count":184,"href":"https:\/\/jfgarno.ca\/index.php?rest_route=\/wp\/v2\/pages\/92\/revisions"}],"predecessor-version":[{"id":874,"href":"https:\/\/jfgarno.ca\/index.php?rest_route=\/wp\/v2\/pages\/92\/revisions\/874"}],"wp:attachment":[{"href":"https:\/\/jfgarno.ca\/index.php?rest_route=%2Fwp%2Fv2%2Fmedia&parent=92"}],"curies":[{"name":"wp","href":"https:\/\/api.w.org\/{rel}","templated":true}]}}